{"id":11,"date":"2017-04-26T08:38:08","date_gmt":"2017-04-26T08:38:08","guid":{"rendered":"http:\/\/themes.muffingroup.com\/be\/elearning\/?page_id=11"},"modified":"2021-10-13T15:38:09","modified_gmt":"2021-10-13T19:38:09","slug":"notre-entreprise-en-un-coup-doeil","status":"publish","type":"page","link":"https:\/\/bioxtend.com\/fr\/about\/","title":{"rendered":"NOTRE ENTREPRISE EN UN COUP D&#039;OEIL"},"content":{"rendered":"","protected":false},"excerpt":{"rendered":"","protected":false},"author":1,"featured_media":0,"parent":0,"menu_order":0,"comment_status":"closed","ping_status":"closed","template":"","meta":{"footnotes":""},"class_list":["post-11","page","type-page","status-publish","hentry"],"yoast_head":"<!-- This site is optimized with the Yoast SEO Premium plugin v27.1 (Yoast SEO v27.1.1) - https:\/\/yoast.com\/product\/yoast-seo-premium-wordpress\/ -->\n<title>Produce Preservation Products - BioXTEND<\/title>\n<meta name=\"description\" content=\"Bioxtend produces mediums to preserve &amp; keep produce fresh, extending life in transit and storage. BioXTEND products absorb ethylene gas, control pathogens and molds.\" \/>\n<meta name=\"robots\" content=\"index, follow, max-snippet:-1, max-image-preview:large, max-video-preview:-1\" \/>\n<link rel=\"canonical\" href=\"https:\/\/bioxtend.com\/fr\/notre-entreprise-en-un-coup-doeil\/\" \/>\n<meta property=\"og:locale\" content=\"fr_FR\" \/>\n<meta property=\"og:type\" content=\"article\" \/>\n<meta property=\"og:title\" content=\"OUR COMPANY AT A GLANCE\" \/>\n<meta property=\"og:description\" content=\"Bioxtend produces mediums to preserve &amp; keep produce fresh, extending life in transit and storage. BioXTEND products absorb ethylene gas, control pathogens and molds.\" \/>\n<meta property=\"og:url\" content=\"https:\/\/bioxtend.com\/fr\/notre-entreprise-en-un-coup-doeil\/\" \/>\n<meta property=\"og:site_name\" content=\"BioXTEND\" \/>\n<meta property=\"article:publisher\" content=\"https:\/\/www.facebook.com\/BioXTENDCo\" \/>\n<meta property=\"article:modified_time\" content=\"2021-10-13T19:38:09+00:00\" \/>\n<meta name=\"twitter:card\" content=\"summary_large_image\" \/>\n<meta name=\"twitter:site\" content=\"@BioXTENDCo\" \/>\n<script type=\"application\/ld+json\" class=\"yoast-schema-graph\">{\"@context\":\"https:\/\/schema.org\",\"@graph\":[{\"@type\":\"WebPage\",\"@id\":\"https:\/\/bioxtend.com\/about\/\",\"url\":\"https:\/\/bioxtend.com\/about\/\",\"name\":\"Produce Preservation Products - BioXTEND\",\"isPartOf\":{\"@id\":\"https:\/\/bioxtend.com\/en\/#website\"},\"datePublished\":\"2017-04-26T08:38:08+00:00\",\"dateModified\":\"2021-10-13T19:38:09+00:00\",\"description\":\"Bioxtend produces mediums to preserve & keep produce fresh, extending life in transit and storage. BioXTEND products absorb ethylene gas, control pathogens and molds.\",\"breadcrumb\":{\"@id\":\"https:\/\/bioxtend.com\/about\/#breadcrumb\"},\"inLanguage\":\"fr-FR\",\"potentialAction\":[{\"@type\":\"ReadAction\",\"target\":[\"https:\/\/bioxtend.com\/about\/\"]}]},{\"@type\":\"BreadcrumbList\",\"@id\":\"https:\/\/bioxtend.com\/about\/#breadcrumb\",\"itemListElement\":[{\"@type\":\"ListItem\",\"position\":1,\"name\":\"Home\",\"item\":\"https:\/\/bioxtend.com\/\"},{\"@type\":\"ListItem\",\"position\":2,\"name\":\"OUR COMPANY AT A GLANCE\"}]},{\"@type\":\"WebSite\",\"@id\":\"https:\/\/bioxtend.com\/en\/#website\",\"url\":\"https:\/\/bioxtend.com\/en\/\",\"name\":\"BioXTEND\",\"description\":\"Advanced Postharvest Solutions\",\"publisher\":{\"@id\":\"https:\/\/bioxtend.com\/en\/#organization\"},\"potentialAction\":[{\"@type\":\"SearchAction\",\"target\":{\"@type\":\"EntryPoint\",\"urlTemplate\":\"https:\/\/bioxtend.com\/en\/?s={search_term_string}\"},\"query-input\":{\"@type\":\"PropertyValueSpecification\",\"valueRequired\":true,\"valueName\":\"search_term_string\"}}],\"inLanguage\":\"fr-FR\"},{\"@type\":\"Organization\",\"@id\":\"https:\/\/bioxtend.com\/en\/#organization\",\"name\":\"BioXTEND\",\"url\":\"https:\/\/bioxtend.com\/en\/\",\"logo\":{\"@type\":\"ImageObject\",\"inLanguage\":\"fr-FR\",\"@id\":\"https:\/\/bioxtend.com\/en\/#\/schema\/logo\/image\/\",\"url\":\"https:\/\/bioxtend.com\/wp-content\/uploads\/2018\/12\/logo.png\",\"contentUrl\":\"https:\/\/bioxtend.com\/wp-content\/uploads\/2018\/12\/logo.png\",\"width\":300,\"height\":124,\"caption\":\"BioXTEND\"},\"image\":{\"@id\":\"https:\/\/bioxtend.com\/en\/#\/schema\/logo\/image\/\"},\"sameAs\":[\"https:\/\/www.facebook.com\/BioXTENDCo\",\"https:\/\/x.com\/BioXTENDCo\"]}]}<\/script>\n<!-- \/ Yoast SEO Premium plugin. -->","yoast_head_json":{"title":"Produire des produits de conservation - BioXTEND","description":"Bioxtend produit des m\u00e9diums pour pr\u00e9server et garder les produits frais, prolongeant la dur\u00e9e de vie en transit et en stockage. Les produits BioXTEND absorbent le gaz \u00e9thyl\u00e8ne, contr\u00f4lent les agents pathog\u00e8nes et les moisissures.","robots":{"index":"index","follow":"follow","max-snippet":"max-snippet:-1","max-image-preview":"max-image-preview:large","max-video-preview":"max-video-preview:-1"},"canonical":"https:\/\/bioxtend.com\/fr\/notre-entreprise-en-un-coup-doeil\/","og_locale":"fr_FR","og_type":"article","og_title":"OUR COMPANY AT A GLANCE","og_description":"Bioxtend produces mediums to preserve & keep produce fresh, extending life in transit and storage. BioXTEND products absorb ethylene gas, control pathogens and molds.","og_url":"https:\/\/bioxtend.com\/fr\/notre-entreprise-en-un-coup-doeil\/","og_site_name":"BioXTEND","article_publisher":"https:\/\/www.facebook.com\/BioXTENDCo","article_modified_time":"2021-10-13T19:38:09+00:00","twitter_card":"summary_large_image","twitter_site":"@BioXTENDCo","schema":{"@context":"https:\/\/schema.org","@graph":[{"@type":"WebPage","@id":"https:\/\/bioxtend.com\/about\/","url":"https:\/\/bioxtend.com\/about\/","name":"Produire des produits de conservation - BioXTEND","isPartOf":{"@id":"https:\/\/bioxtend.com\/en\/#website"},"datePublished":"2017-04-26T08:38:08+00:00","dateModified":"2021-10-13T19:38:09+00:00","description":"Bioxtend produit des m\u00e9diums pour pr\u00e9server et garder les produits frais, prolongeant la dur\u00e9e de vie en transit et en stockage. Les produits BioXTEND absorbent le gaz \u00e9thyl\u00e8ne, contr\u00f4lent les agents pathog\u00e8nes et les moisissures.","breadcrumb":{"@id":"https:\/\/bioxtend.com\/about\/#breadcrumb"},"inLanguage":"fr-FR","potentialAction":[{"@type":"ReadAction","target":["https:\/\/bioxtend.com\/about\/"]}]},{"@type":"BreadcrumbList","@id":"https:\/\/bioxtend.com\/about\/#breadcrumb","itemListElement":[{"@type":"ListItem","position":1,"name":"Home","item":"https:\/\/bioxtend.com\/"},{"@type":"ListItem","position":2,"name":"OUR COMPANY AT A GLANCE"}]},{"@type":"WebSite","@id":"https:\/\/bioxtend.com\/en\/#website","url":"https:\/\/bioxtend.com\/en\/","name":"BioXTEND","description":"Solutions avanc\u00e9es de post-r\u00e9colte","publisher":{"@id":"https:\/\/bioxtend.com\/en\/#organization"},"potentialAction":[{"@type":"SearchAction","target":{"@type":"EntryPoint","urlTemplate":"https:\/\/bioxtend.com\/en\/?s={search_term_string}"},"query-input":{"@type":"PropertyValueSpecification","valueRequired":true,"valueName":"search_term_string"}}],"inLanguage":"fr-FR"},{"@type":"Organization","@id":"https:\/\/bioxtend.com\/en\/#organization","name":"BioXTEND","url":"https:\/\/bioxtend.com\/en\/","logo":{"@type":"ImageObject","inLanguage":"fr-FR","@id":"https:\/\/bioxtend.com\/en\/#\/schema\/logo\/image\/","url":"https:\/\/bioxtend.com\/wp-content\/uploads\/2018\/12\/logo.png","contentUrl":"https:\/\/bioxtend.com\/wp-content\/uploads\/2018\/12\/logo.png","width":300,"height":124,"caption":"BioXTEND"},"image":{"@id":"https:\/\/bioxtend.com\/en\/#\/schema\/logo\/image\/"},"sameAs":["https:\/\/www.facebook.com\/BioXTENDCo","https:\/\/x.com\/BioXTENDCo"]}]}},"_links":{"self":[{"href":"https:\/\/bioxtend.com\/fr\/wp-json\/wp\/v2\/pages\/11","targetHints":{"allow":["GET"]}}],"collection":[{"href":"https:\/\/bioxtend.com\/fr\/wp-json\/wp\/v2\/pages"}],"about":[{"href":"https:\/\/bioxtend.com\/fr\/wp-json\/wp\/v2\/types\/page"}],"author":[{"embeddable":true,"href":"https:\/\/bioxtend.com\/fr\/wp-json\/wp\/v2\/users\/1"}],"replies":[{"embeddable":true,"href":"https:\/\/bioxtend.com\/fr\/wp-json\/wp\/v2\/comments?post=11"}],"version-history":[{"count":7,"href":"https:\/\/bioxtend.com\/fr\/wp-json\/wp\/v2\/pages\/11\/revisions"}],"predecessor-version":[{"id":238,"href":"https:\/\/bioxtend.com\/fr\/wp-json\/wp\/v2\/pages\/11\/revisions\/238"}],"wp:attachment":[{"href":"https:\/\/bioxtend.com\/fr\/wp-json\/wp\/v2\/media?parent=11"}],"curies":[{"name":"wp","href":"https:\/\/api.w.org\/{rel}","templated":true}]}}