{"id":248,"date":"2019-06-12T12:24:27","date_gmt":"2019-06-12T16:24:27","guid":{"rendered":"http:\/\/bioxtend.com\/?page_id=248"},"modified":"2020-09-24T17:36:53","modified_gmt":"2020-09-24T21:36:53","slug":"international","status":"publish","type":"page","link":"https:\/\/bioxtend.com\/fr\/global-reach\/","title":{"rendered":"International"},"content":{"rendered":"","protected":false},"excerpt":{"rendered":"","protected":false},"author":1,"featured_media":0,"parent":0,"menu_order":0,"comment_status":"closed","ping_status":"closed","template":"","meta":{"footnotes":""},"class_list":["post-248","page","type-page","status-publish","hentry"],"yoast_head":"<!-- This site is optimized with the Yoast SEO Premium plugin v27.1 (Yoast SEO v27.1.1) - https:\/\/yoast.com\/product\/yoast-seo-premium-wordpress\/ -->\n<title>Global Network for ethylene absorbing products - BioXTEND<\/title>\n<meta name=\"description\" content=\"Ethylene absorbing products manufacturer distributed on five continents, including Asia, North &amp; South America &amp; Australia. Contact us today.\" \/>\n<meta name=\"robots\" content=\"index, follow, max-snippet:-1, max-image-preview:large, max-video-preview:-1\" \/>\n<link rel=\"canonical\" href=\"https:\/\/bioxtend.com\/fr\/international\/\" \/>\n<meta property=\"og:locale\" content=\"fr_FR\" \/>\n<meta property=\"og:type\" content=\"article\" \/>\n<meta property=\"og:title\" content=\"Global Reach\" \/>\n<meta property=\"og:description\" content=\"Ethylene absorbing products manufacturer distributed on five continents, including Asia, North &amp; South America &amp; Australia. Contact us today.\" \/>\n<meta property=\"og:url\" content=\"https:\/\/bioxtend.com\/fr\/international\/\" \/>\n<meta property=\"og:site_name\" content=\"BioXTEND\" \/>\n<meta property=\"article:publisher\" content=\"https:\/\/www.facebook.com\/BioXTENDCo\" \/>\n<meta property=\"article:modified_time\" content=\"2020-09-24T21:36:53+00:00\" \/>\n<meta name=\"twitter:card\" content=\"summary_large_image\" \/>\n<meta name=\"twitter:site\" content=\"@BioXTENDCo\" \/>\n<script type=\"application\/ld+json\" class=\"yoast-schema-graph\">{\"@context\":\"https:\/\/schema.org\",\"@graph\":[{\"@type\":\"WebPage\",\"@id\":\"https:\/\/bioxtend.com\/global-reach\/\",\"url\":\"https:\/\/bioxtend.com\/global-reach\/\",\"name\":\"Global Network for ethylene absorbing products - BioXTEND\",\"isPartOf\":{\"@id\":\"https:\/\/bioxtend.com\/en\/#website\"},\"datePublished\":\"2019-06-12T16:24:27+00:00\",\"dateModified\":\"2020-09-24T21:36:53+00:00\",\"description\":\"Ethylene absorbing products manufacturer distributed on five continents, including Asia, North & South America & Australia. Contact us today.\",\"breadcrumb\":{\"@id\":\"https:\/\/bioxtend.com\/global-reach\/#breadcrumb\"},\"inLanguage\":\"fr-FR\",\"potentialAction\":[{\"@type\":\"ReadAction\",\"target\":[\"https:\/\/bioxtend.com\/global-reach\/\"]}]},{\"@type\":\"BreadcrumbList\",\"@id\":\"https:\/\/bioxtend.com\/global-reach\/#breadcrumb\",\"itemListElement\":[{\"@type\":\"ListItem\",\"position\":1,\"name\":\"Home\",\"item\":\"https:\/\/bioxtend.com\/\"},{\"@type\":\"ListItem\",\"position\":2,\"name\":\"Global Reach\"}]},{\"@type\":\"WebSite\",\"@id\":\"https:\/\/bioxtend.com\/en\/#website\",\"url\":\"https:\/\/bioxtend.com\/en\/\",\"name\":\"BioXTEND\",\"description\":\"Advanced Postharvest Solutions\",\"publisher\":{\"@id\":\"https:\/\/bioxtend.com\/en\/#organization\"},\"potentialAction\":[{\"@type\":\"SearchAction\",\"target\":{\"@type\":\"EntryPoint\",\"urlTemplate\":\"https:\/\/bioxtend.com\/en\/?s={search_term_string}\"},\"query-input\":{\"@type\":\"PropertyValueSpecification\",\"valueRequired\":true,\"valueName\":\"search_term_string\"}}],\"inLanguage\":\"fr-FR\"},{\"@type\":\"Organization\",\"@id\":\"https:\/\/bioxtend.com\/en\/#organization\",\"name\":\"BioXTEND\",\"url\":\"https:\/\/bioxtend.com\/en\/\",\"logo\":{\"@type\":\"ImageObject\",\"inLanguage\":\"fr-FR\",\"@id\":\"https:\/\/bioxtend.com\/en\/#\/schema\/logo\/image\/\",\"url\":\"https:\/\/bioxtend.com\/wp-content\/uploads\/2018\/12\/logo.png\",\"contentUrl\":\"https:\/\/bioxtend.com\/wp-content\/uploads\/2018\/12\/logo.png\",\"width\":300,\"height\":124,\"caption\":\"BioXTEND\"},\"image\":{\"@id\":\"https:\/\/bioxtend.com\/en\/#\/schema\/logo\/image\/\"},\"sameAs\":[\"https:\/\/www.facebook.com\/BioXTENDCo\",\"https:\/\/x.com\/BioXTENDCo\"]}]}<\/script>\n<!-- \/ Yoast SEO Premium plugin. -->","yoast_head_json":{"title":"R\u00e9seau mondial pour les produits absorbant l&#039;\u00e9thyl\u00e8ne - BioXTEND","description":"Fabricant de produits absorbant l&#039;\u00e9thyl\u00e8ne distribu\u00e9 sur cinq continents, dont l&#039;Asie, l&#039;Am\u00e9rique du Nord et du Sud et l&#039;Australie. Contactez-nous d\u00e8s aujourd&#039;hui.","robots":{"index":"index","follow":"follow","max-snippet":"max-snippet:-1","max-image-preview":"max-image-preview:large","max-video-preview":"max-video-preview:-1"},"canonical":"https:\/\/bioxtend.com\/fr\/international\/","og_locale":"fr_FR","og_type":"article","og_title":"Global Reach","og_description":"Ethylene absorbing products manufacturer distributed on five continents, including Asia, North & South America & Australia. Contact us today.","og_url":"https:\/\/bioxtend.com\/fr\/international\/","og_site_name":"BioXTEND","article_publisher":"https:\/\/www.facebook.com\/BioXTENDCo","article_modified_time":"2020-09-24T21:36:53+00:00","twitter_card":"summary_large_image","twitter_site":"@BioXTENDCo","schema":{"@context":"https:\/\/schema.org","@graph":[{"@type":"WebPage","@id":"https:\/\/bioxtend.com\/global-reach\/","url":"https:\/\/bioxtend.com\/global-reach\/","name":"R\u00e9seau mondial pour les produits absorbant l&#039;\u00e9thyl\u00e8ne - BioXTEND","isPartOf":{"@id":"https:\/\/bioxtend.com\/en\/#website"},"datePublished":"2019-06-12T16:24:27+00:00","dateModified":"2020-09-24T21:36:53+00:00","description":"Fabricant de produits absorbant l&#039;\u00e9thyl\u00e8ne distribu\u00e9 sur cinq continents, dont l&#039;Asie, l&#039;Am\u00e9rique du Nord et du Sud et l&#039;Australie. Contactez-nous d\u00e8s aujourd&#039;hui.","breadcrumb":{"@id":"https:\/\/bioxtend.com\/global-reach\/#breadcrumb"},"inLanguage":"fr-FR","potentialAction":[{"@type":"ReadAction","target":["https:\/\/bioxtend.com\/global-reach\/"]}]},{"@type":"BreadcrumbList","@id":"https:\/\/bioxtend.com\/global-reach\/#breadcrumb","itemListElement":[{"@type":"ListItem","position":1,"name":"Home","item":"https:\/\/bioxtend.com\/"},{"@type":"ListItem","position":2,"name":"Global Reach"}]},{"@type":"WebSite","@id":"https:\/\/bioxtend.com\/en\/#website","url":"https:\/\/bioxtend.com\/en\/","name":"BioXTEND","description":"Solutions avanc\u00e9es de post-r\u00e9colte","publisher":{"@id":"https:\/\/bioxtend.com\/en\/#organization"},"potentialAction":[{"@type":"SearchAction","target":{"@type":"EntryPoint","urlTemplate":"https:\/\/bioxtend.com\/en\/?s={search_term_string}"},"query-input":{"@type":"PropertyValueSpecification","valueRequired":true,"valueName":"search_term_string"}}],"inLanguage":"fr-FR"},{"@type":"Organization","@id":"https:\/\/bioxtend.com\/en\/#organization","name":"BioXTEND","url":"https:\/\/bioxtend.com\/en\/","logo":{"@type":"ImageObject","inLanguage":"fr-FR","@id":"https:\/\/bioxtend.com\/en\/#\/schema\/logo\/image\/","url":"https:\/\/bioxtend.com\/wp-content\/uploads\/2018\/12\/logo.png","contentUrl":"https:\/\/bioxtend.com\/wp-content\/uploads\/2018\/12\/logo.png","width":300,"height":124,"caption":"BioXTEND"},"image":{"@id":"https:\/\/bioxtend.com\/en\/#\/schema\/logo\/image\/"},"sameAs":["https:\/\/www.facebook.com\/BioXTENDCo","https:\/\/x.com\/BioXTENDCo"]}]}},"_links":{"self":[{"href":"https:\/\/bioxtend.com\/fr\/wp-json\/wp\/v2\/pages\/248","targetHints":{"allow":["GET"]}}],"collection":[{"href":"https:\/\/bioxtend.com\/fr\/wp-json\/wp\/v2\/pages"}],"about":[{"href":"https:\/\/bioxtend.com\/fr\/wp-json\/wp\/v2\/types\/page"}],"author":[{"embeddable":true,"href":"https:\/\/bioxtend.com\/fr\/wp-json\/wp\/v2\/users\/1"}],"replies":[{"embeddable":true,"href":"https:\/\/bioxtend.com\/fr\/wp-json\/wp\/v2\/comments?post=248"}],"version-history":[{"count":1,"href":"https:\/\/bioxtend.com\/fr\/wp-json\/wp\/v2\/pages\/248\/revisions"}],"predecessor-version":[{"id":249,"href":"https:\/\/bioxtend.com\/fr\/wp-json\/wp\/v2\/pages\/248\/revisions\/249"}],"wp:attachment":[{"href":"https:\/\/bioxtend.com\/fr\/wp-json\/wp\/v2\/media?parent=248"}],"curies":[{"name":"wp","href":"https:\/\/api.w.org\/{rel}","templated":true}]}}