{"id":316,"date":"2019-09-24T16:55:51","date_gmt":"2019-09-24T20:55:51","guid":{"rendered":"http:\/\/bioxtend.com\/?page_id=316"},"modified":"2025-06-19T15:31:34","modified_gmt":"2025-06-19T15:31:34","slug":"enregistreurs-de-bande-analogiques","status":"publish","type":"page","link":"https:\/\/bioxtend.com\/fr\/analog-strip-recorders\/","title":{"rendered":"Enregistreurs de bande analogiques"},"content":{"rendered":"","protected":false},"excerpt":{"rendered":"","protected":false},"author":1,"featured_media":0,"parent":0,"menu_order":0,"comment_status":"closed","ping_status":"closed","template":"","meta":{"footnotes":""},"class_list":["post-316","page","type-page","status-publish","hentry"],"yoast_head":"<!-- This site is optimized with the Yoast SEO Premium plugin v27.1 (Yoast SEO v27.1.1) - https:\/\/yoast.com\/product\/yoast-seo-premium-wordpress\/ -->\n<title>Analog Transit Temperature Recorders - BioXTEND<\/title>\n<meta name=\"description\" content=\"Single user temperature recorder displays an ongoing temperature\/time chart of perishable goods while in transit. Digital temp recorders also available.\" \/>\n<meta name=\"robots\" content=\"index, follow, max-snippet:-1, max-image-preview:large, max-video-preview:-1\" \/>\n<link rel=\"canonical\" href=\"https:\/\/bioxtend.com\/fr\/enregistreurs-de-bande-analogiques\/\" \/>\n<meta property=\"og:locale\" content=\"fr_FR\" \/>\n<meta property=\"og:type\" content=\"article\" \/>\n<meta property=\"og:title\" content=\"Analog Strip Recorders\" \/>\n<meta property=\"og:description\" content=\"Single user temperature recorder displays an ongoing temperature\/time chart of perishable goods while in transit. Digital temp recorders also available.\" \/>\n<meta property=\"og:url\" content=\"https:\/\/bioxtend.com\/fr\/enregistreurs-de-bande-analogiques\/\" \/>\n<meta property=\"og:site_name\" content=\"BioXTEND\" \/>\n<meta property=\"article:publisher\" content=\"https:\/\/www.facebook.com\/BioXTENDCo\" \/>\n<meta property=\"article:modified_time\" content=\"2025-06-19T15:31:34+00:00\" \/>\n<meta name=\"twitter:card\" content=\"summary_large_image\" \/>\n<meta name=\"twitter:site\" content=\"@BioXTENDCo\" \/>\n<script type=\"application\/ld+json\" class=\"yoast-schema-graph\">{\"@context\":\"https:\/\/schema.org\",\"@graph\":[{\"@type\":\"WebPage\",\"@id\":\"https:\/\/bioxtend.com\/analog-strip-recorders\/\",\"url\":\"https:\/\/bioxtend.com\/analog-strip-recorders\/\",\"name\":\"Analog Transit Temperature Recorders - BioXTEND\",\"isPartOf\":{\"@id\":\"https:\/\/bioxtend.com\/en\/#website\"},\"datePublished\":\"2019-09-24T20:55:51+00:00\",\"dateModified\":\"2025-06-19T15:31:34+00:00\",\"description\":\"Single user temperature recorder displays an ongoing temperature\/time chart of perishable goods while in transit. Digital temp recorders also available.\",\"breadcrumb\":{\"@id\":\"https:\/\/bioxtend.com\/analog-strip-recorders\/#breadcrumb\"},\"inLanguage\":\"fr-FR\",\"potentialAction\":[{\"@type\":\"ReadAction\",\"target\":[\"https:\/\/bioxtend.com\/analog-strip-recorders\/\"]}]},{\"@type\":\"BreadcrumbList\",\"@id\":\"https:\/\/bioxtend.com\/analog-strip-recorders\/#breadcrumb\",\"itemListElement\":[{\"@type\":\"ListItem\",\"position\":1,\"name\":\"Home\",\"item\":\"https:\/\/bioxtend.com\/\"},{\"@type\":\"ListItem\",\"position\":2,\"name\":\"Analog Strip Recorders\"}]},{\"@type\":\"WebSite\",\"@id\":\"https:\/\/bioxtend.com\/en\/#website\",\"url\":\"https:\/\/bioxtend.com\/en\/\",\"name\":\"BioXTEND\",\"description\":\"Advanced Postharvest Solutions\",\"publisher\":{\"@id\":\"https:\/\/bioxtend.com\/en\/#organization\"},\"potentialAction\":[{\"@type\":\"SearchAction\",\"target\":{\"@type\":\"EntryPoint\",\"urlTemplate\":\"https:\/\/bioxtend.com\/en\/?s={search_term_string}\"},\"query-input\":{\"@type\":\"PropertyValueSpecification\",\"valueRequired\":true,\"valueName\":\"search_term_string\"}}],\"inLanguage\":\"fr-FR\"},{\"@type\":\"Organization\",\"@id\":\"https:\/\/bioxtend.com\/en\/#organization\",\"name\":\"BioXTEND\",\"url\":\"https:\/\/bioxtend.com\/en\/\",\"logo\":{\"@type\":\"ImageObject\",\"inLanguage\":\"fr-FR\",\"@id\":\"https:\/\/bioxtend.com\/en\/#\/schema\/logo\/image\/\",\"url\":\"https:\/\/bioxtend.com\/wp-content\/uploads\/2018\/12\/logo.png\",\"contentUrl\":\"https:\/\/bioxtend.com\/wp-content\/uploads\/2018\/12\/logo.png\",\"width\":300,\"height\":124,\"caption\":\"BioXTEND\"},\"image\":{\"@id\":\"https:\/\/bioxtend.com\/en\/#\/schema\/logo\/image\/\"},\"sameAs\":[\"https:\/\/www.facebook.com\/BioXTENDCo\",\"https:\/\/x.com\/BioXTENDCo\"]}]}<\/script>\n<!-- \/ Yoast SEO Premium plugin. -->","yoast_head_json":{"title":"Enregistreurs de temp\u00e9rature de transit analogiques - BioXTEND","description":"L&#039;enregistreur de temp\u00e9rature pour un seul utilisateur affiche un diagramme temp\u00e9rature \/ temps continu des denr\u00e9es p\u00e9rissables pendant le transport. Enregistreurs num\u00e9riques de temp\u00e9rature \u00e9galement disponibles.","robots":{"index":"index","follow":"follow","max-snippet":"max-snippet:-1","max-image-preview":"max-image-preview:large","max-video-preview":"max-video-preview:-1"},"canonical":"https:\/\/bioxtend.com\/fr\/enregistreurs-de-bande-analogiques\/","og_locale":"fr_FR","og_type":"article","og_title":"Analog Strip Recorders","og_description":"Single user temperature recorder displays an ongoing temperature\/time chart of perishable goods while in transit. Digital temp recorders also available.","og_url":"https:\/\/bioxtend.com\/fr\/enregistreurs-de-bande-analogiques\/","og_site_name":"BioXTEND","article_publisher":"https:\/\/www.facebook.com\/BioXTENDCo","article_modified_time":"2025-06-19T15:31:34+00:00","twitter_card":"summary_large_image","twitter_site":"@BioXTENDCo","schema":{"@context":"https:\/\/schema.org","@graph":[{"@type":"WebPage","@id":"https:\/\/bioxtend.com\/analog-strip-recorders\/","url":"https:\/\/bioxtend.com\/analog-strip-recorders\/","name":"Enregistreurs de temp\u00e9rature de transit analogiques - BioXTEND","isPartOf":{"@id":"https:\/\/bioxtend.com\/en\/#website"},"datePublished":"2019-09-24T20:55:51+00:00","dateModified":"2025-06-19T15:31:34+00:00","description":"L&#039;enregistreur de temp\u00e9rature pour un seul utilisateur affiche un diagramme temp\u00e9rature \/ temps continu des denr\u00e9es p\u00e9rissables pendant le transport. Enregistreurs num\u00e9riques de temp\u00e9rature \u00e9galement disponibles.","breadcrumb":{"@id":"https:\/\/bioxtend.com\/analog-strip-recorders\/#breadcrumb"},"inLanguage":"fr-FR","potentialAction":[{"@type":"ReadAction","target":["https:\/\/bioxtend.com\/analog-strip-recorders\/"]}]},{"@type":"BreadcrumbList","@id":"https:\/\/bioxtend.com\/analog-strip-recorders\/#breadcrumb","itemListElement":[{"@type":"ListItem","position":1,"name":"Home","item":"https:\/\/bioxtend.com\/"},{"@type":"ListItem","position":2,"name":"Analog Strip Recorders"}]},{"@type":"WebSite","@id":"https:\/\/bioxtend.com\/en\/#website","url":"https:\/\/bioxtend.com\/en\/","name":"BioXTEND","description":"Solutions avanc\u00e9es de post-r\u00e9colte","publisher":{"@id":"https:\/\/bioxtend.com\/en\/#organization"},"potentialAction":[{"@type":"SearchAction","target":{"@type":"EntryPoint","urlTemplate":"https:\/\/bioxtend.com\/en\/?s={search_term_string}"},"query-input":{"@type":"PropertyValueSpecification","valueRequired":true,"valueName":"search_term_string"}}],"inLanguage":"fr-FR"},{"@type":"Organization","@id":"https:\/\/bioxtend.com\/en\/#organization","name":"BioXTEND","url":"https:\/\/bioxtend.com\/en\/","logo":{"@type":"ImageObject","inLanguage":"fr-FR","@id":"https:\/\/bioxtend.com\/en\/#\/schema\/logo\/image\/","url":"https:\/\/bioxtend.com\/wp-content\/uploads\/2018\/12\/logo.png","contentUrl":"https:\/\/bioxtend.com\/wp-content\/uploads\/2018\/12\/logo.png","width":300,"height":124,"caption":"BioXTEND"},"image":{"@id":"https:\/\/bioxtend.com\/en\/#\/schema\/logo\/image\/"},"sameAs":["https:\/\/www.facebook.com\/BioXTENDCo","https:\/\/x.com\/BioXTENDCo"]}]}},"_links":{"self":[{"href":"https:\/\/bioxtend.com\/fr\/wp-json\/wp\/v2\/pages\/316","targetHints":{"allow":["GET"]}}],"collection":[{"href":"https:\/\/bioxtend.com\/fr\/wp-json\/wp\/v2\/pages"}],"about":[{"href":"https:\/\/bioxtend.com\/fr\/wp-json\/wp\/v2\/types\/page"}],"author":[{"embeddable":true,"href":"https:\/\/bioxtend.com\/fr\/wp-json\/wp\/v2\/users\/1"}],"replies":[{"embeddable":true,"href":"https:\/\/bioxtend.com\/fr\/wp-json\/wp\/v2\/comments?post=316"}],"version-history":[{"count":3,"href":"https:\/\/bioxtend.com\/fr\/wp-json\/wp\/v2\/pages\/316\/revisions"}],"predecessor-version":[{"id":341,"href":"https:\/\/bioxtend.com\/fr\/wp-json\/wp\/v2\/pages\/316\/revisions\/341"}],"wp:attachment":[{"href":"https:\/\/bioxtend.com\/fr\/wp-json\/wp\/v2\/media?parent=316"}],"curies":[{"name":"wp","href":"https:\/\/api.w.org\/{rel}","templated":true}]}}